{"id":126,"date":"2020-02-17T12:42:24","date_gmt":"2020-02-17T12:42:24","guid":{"rendered":"http:\/\/netymm.net\/index.php\/contact\/"},"modified":"2024-11-30T14:22:41","modified_gmt":"2024-11-30T14:22:41","slug":"contact","status":"publish","type":"page","link":"https:\/\/netymm.net\/index.php\/contact\/","title":{"rendered":"\u0130leti\u015fim"},"content":{"rendered":"\t\t<div data-elementor-type=\"wp-page\" data-elementor-id=\"126\" class=\"elementor elementor-126\">\n\t\t\t\t\t\t<section class=\"elementor-section elementor-top-section elementor-element elementor-element-7128c99 elementor-section-full_width elementor-section-height-min-height elementor-section-height-default elementor-section-items-middle\" data-id=\"7128c99\" data-element_type=\"section\" data-settings=\"{&quot;background_background&quot;:&quot;classic&quot;}\">\n\t\t\t\t\t\t\t<div class=\"elementor-background-overlay\"><\/div>\n\t\t\t\t\t\t\t<div class=\"elementor-container elementor-column-gap-no\">\n\t\t\t\t\t<div class=\"aux-parallax-section elementor-column elementor-col-100 elementor-top-column elementor-element elementor-element-db72a76\" data-id=\"db72a76\" data-element_type=\"column\">\n\t\t\t<div class=\"elementor-widget-wrap elementor-element-populated\">\n\t\t\t\t\t\t<section class=\"elementor-section elementor-inner-section elementor-element elementor-element-81c89f3 elementor-section-boxed elementor-section-height-default elementor-section-height-default\" data-id=\"81c89f3\" data-element_type=\"section\">\n\t\t\t\t\t\t<div class=\"elementor-container elementor-column-gap-default\">\n\t\t\t\t\t<div class=\"aux-parallax-section elementor-column elementor-col-100 elementor-inner-column elementor-element elementor-element-f0d0e95\" data-id=\"f0d0e95\" data-element_type=\"column\">\n\t\t\t<div class=\"elementor-widget-wrap elementor-element-populated\">\n\t\t\t\t\t\t<div class=\"elementor-element elementor-element-870263e aux-appear-watch-animation aux-fade-in-down elementor-widget elementor-widget-aux_modern_heading\" data-id=\"870263e\" data-element_type=\"widget\" data-widget_type=\"aux_modern_heading.default\">\n\t\t\t\t<div class=\"elementor-widget-container\">\n\t\t\t\t\t<section class=\"aux-widget-modern-heading\">\n            <div class=\"aux-widget-inner\"><h1 class=\"aux-modern-heading-primary\">\u0130leti\u015fim<\/h1><\/div>\n        <\/section>\t\t\t\t<\/div>\n\t\t\t\t<\/div>\n\t\t\t\t\t<\/div>\n\t\t<\/div>\n\t\t\t\t\t<\/div>\n\t\t<\/section>\n\t\t\t\t\t<\/div>\n\t\t<\/div>\n\t\t\t\t\t<\/div>\n\t\t<\/section>\n\t\t\t\t<section class=\"elementor-section elementor-top-section elementor-element elementor-element-d787baa elementor-section-boxed elementor-section-height-default elementor-section-height-default\" data-id=\"d787baa\" data-element_type=\"section\">\n\t\t\t\t\t\t<div class=\"elementor-container elementor-column-gap-no\">\n\t\t\t\t\t<div class=\"aux-parallax-section elementor-column elementor-col-100 elementor-top-column elementor-element elementor-element-2ce20cd\" data-id=\"2ce20cd\" data-element_type=\"column\">\n\t\t\t<div class=\"elementor-widget-wrap elementor-element-populated\">\n\t\t\t\t\t\t<div class=\"elementor-element elementor-element-7bd8824 aux-appear-watch-animation aux-fade-in-right-1 elementor-widget elementor-widget-aux_modern_heading\" data-id=\"7bd8824\" data-element_type=\"widget\" data-widget_type=\"aux_modern_heading.default\">\n\t\t\t\t<div class=\"elementor-widget-container\">\n\t\t\t\t\t<section class=\"aux-widget-modern-heading\">\n            <div class=\"aux-widget-inner\"><h2 class=\"aux-modern-heading-primary\">Bize Ula\u015f\u0131n<\/h2><h3 class=\"aux-modern-heading-secondary\"><span class=\"aux-head-highlight\">\u0130\u015fletmenizin Gelece\u011fi \u0130\u00e7in NET \u00c7\u00f6z\u00fcmlerle Yan\u0131n\u0131zday\u0131z.<\/span><\/h3><\/div>\n        <\/section>\t\t\t\t<\/div>\n\t\t\t\t<\/div>\n\t\t\t\t\t<\/div>\n\t\t<\/div>\n\t\t\t\t\t<\/div>\n\t\t<\/section>\n\t\t\t\t<section class=\"elementor-section elementor-top-section elementor-element elementor-element-9b9f7ff elementor-section-full_width elementor-section-height-full elementor-section-height-default elementor-section-items-middle\" data-id=\"9b9f7ff\" data-element_type=\"section\" data-settings=\"{&quot;background_background&quot;:&quot;classic&quot;}\">\n\t\t\t\t\t\t<div class=\"elementor-container elementor-column-gap-no\">\n\t\t\t\t\t<div class=\"aux-parallax-section elementor-column elementor-col-100 elementor-top-column elementor-element elementor-element-f894e8c\" data-id=\"f894e8c\" data-element_type=\"column\" data-settings=\"{&quot;background_background&quot;:&quot;classic&quot;}\">\n\t\t\t<div class=\"elementor-widget-wrap elementor-element-populated\">\n\t\t\t\t\t\t<div class=\"elementor-element elementor-element-ca79124 elementor-widget__width-auto elementor-hidden-phone elementor-widget elementor-widget-aux_simple_svg\" data-id=\"ca79124\" data-element_type=\"widget\" data-widget_type=\"aux_simple_svg.default\">\n\t\t\t\t<div class=\"elementor-widget-container\">\n\t\t\t\t\t    <div class=\"aux-widget-container aux-simple-svg-container\">\n        <div class=\"aux-widget-container-inner\">\n            <div class=\"aux-the-svg\"><svg xmlns=\"http:\/\/www.w3.org\/2000\/svg\" width=\"97\" height=\"97\" viewBox=\"0 0 97 97\"><defs><linearGradient id=\"linear-gradient\" x1=\"-0.077\" y1=\"0.571\" x2=\"1.218\" y2=\"0.934\" gradientUnits=\"objectBoundingBox\"><stop offset=\"0\" stop-color=\"#e20316\" \/><stop offset=\"0.498\" stop-color=\"#fff\" stop-opacity=\"0.349\" \/><stop offset=\"1\" stop-color=\"#e20316\" stop-opacity=\"0.31\" \/><\/linearGradient><\/defs><path id=\"transparent_cyrcle\" d=\"M48.5,0a48.859,48.859,0,0,0-9.774.985,48.234,48.234,0,0,0-17.342,7.3A48.642,48.642,0,0,0,3.811,29.622a48.255,48.255,0,0,0-2.826,9.1,48.973,48.973,0,0,0,0,19.549,48.234,48.234,0,0,0,7.3,17.342A48.642,48.642,0,0,0,29.622,93.189a48.256,48.256,0,0,0,9.1,2.826,48.973,48.973,0,0,0,19.549,0,48.234,48.234,0,0,0,17.342-7.3A48.642,48.642,0,0,0,93.189,67.378a48.256,48.256,0,0,0,2.826-9.1,48.973,48.973,0,0,0,0-19.549,48.235,48.235,0,0,0-7.3-17.342A48.641,48.641,0,0,0,67.378,3.811a48.256,48.256,0,0,0-9.1-2.826A48.859,48.859,0,0,0,48.5,0Zm.072,66.2A17.774,17.774,0,1,1,66.346,48.428,17.794,17.794,0,0,1,48.572,66.2Z\" transform=\"translate(0 97) rotate(-90)\" fill=\"url(#linear-gradient)\" \/><\/svg><\/div>\n        <\/div>\n    <\/div>\n    \t\t\t\t<\/div>\n\t\t\t\t<\/div>\n\t\t\t\t<div class=\"elementor-element elementor-element-a8c9f3b elementor-widget__width-auto elementor-hidden-phone elementor-widget elementor-widget-aux_simple_svg\" data-id=\"a8c9f3b\" data-element_type=\"widget\" data-widget_type=\"aux_simple_svg.default\">\n\t\t\t\t<div class=\"elementor-widget-container\">\n\t\t\t\t\t    <div class=\"aux-widget-container aux-simple-svg-container\">\n        <div class=\"aux-widget-container-inner\">\n            <div class=\"aux-the-svg\"><svg xmlns=\"http:\/\/www.w3.org\/2000\/svg\" width=\"89.916\" height=\"89.916\" viewBox=\"0 0 89.916 89.916\"><defs><filter id=\"Path_66\" x=\"0\" y=\"0\" width=\"89.916\" height=\"89.916\"><feOffset dy=\"3\" \/><feGaussianBlur stdDeviation=\"11.5\" result=\"blur\" \/><feFlood flood-color=\"coral\" flood-opacity=\"0.4\" \/><feComposite operator=\"in\" in2=\"blur\" \/><feComposite in=\"SourceGraphic\" \/><\/filter><\/defs><g transform=\"matrix(1, 0, 0, 1, 0, 0)\" filter=\"url(#Path_66)\"><path id=\"Path_66-2\" d=\"M10.458,0A10.458,10.458,0,1,1,0,10.458,10.458,10.458,0,0,1,10.458,0Z\" transform=\"translate(34.5 31.5)\" fill=\"coral\" \/><\/g><\/svg><\/div>\n        <\/div>\n    <\/div>\n    \t\t\t\t<\/div>\n\t\t\t\t<\/div>\n\t\t\t\t<section class=\"elementor-section elementor-inner-section elementor-element elementor-element-0c8e20f aux-appear-watch-animation aux-scale-up elementor-section-boxed elementor-section-height-default elementor-section-height-default\" data-id=\"0c8e20f\" data-element_type=\"section\" data-settings=\"{&quot;background_background&quot;:&quot;classic&quot;}\">\n\t\t\t\t\t\t<div class=\"elementor-container elementor-column-gap-default\">\n\t\t\t\t\t<div class=\"aux-parallax-section elementor-column elementor-col-33 elementor-inner-column elementor-element elementor-element-6c70cac aux-appear-watch-animation aux-fade-in-right\" data-id=\"6c70cac\" data-element_type=\"column\">\n\t\t\t<div class=\"elementor-widget-wrap elementor-element-populated\">\n\t\t\t\t\t\t<div class=\"elementor-element elementor-element-4794979 elementor-widget elementor-widget-aux_text\" data-id=\"4794979\" data-element_type=\"widget\" data-widget_type=\"aux_text.default\">\n\t\t\t\t<div class=\"elementor-widget-container\">\n\t\t\t\t\t<section class=\"widget-container aux-widget-text aux-parent-aud4376508\">        <div class=\"aux-widget-advanced-text aux-wrap-style-simple aux-ico-pos-top aux-text-center aux-text-resp- aux-text-color-dark aux-text-widget-bg-center  \" >\n        \n                            <div class=\"aux-text-widget-header \"  >\n                        <div class=\"aux-ico-box aux-ico-large aux-ico-shape-circle aux-ico-clear \">\n                            <i aria-hidden=\"true\" class=\"aux-ico fas fa-phone-alt\"><\/i>                        <\/div>\n                <\/div>\n            \n            <div class=\"aux-text-inner aux-text-widget-content\">\n                                <h4 class=\"col-title\">Telefon<\/h4>\n                                <div class=\"widget-content\">\n                                        <p>+90 (216) 353 28 51<br \/>+90 (505) 854 79 72<br \/>+90 (312) 544 63 81<\/p><p><a href=\"mailto:info@netymm.net\">info@netymm.net<\/a><\/p>                <\/div>\n                            <\/div>\n        <\/div>\n                    <div class=\"aux-text-widget-footer\">\n                <div class=\"aux-border-shape-none \">\n                                <\/div>\n            <\/div>\n        \n<\/section><!-- widget-container -->\t\t\t\t<\/div>\n\t\t\t\t<\/div>\n\t\t\t\t\t<\/div>\n\t\t<\/div>\n\t\t\t\t<div class=\"aux-parallax-section elementor-column elementor-col-33 elementor-inner-column elementor-element elementor-element-37dc62f aux-appear-watch-animation aux-fade-in-right\" data-id=\"37dc62f\" data-element_type=\"column\">\n\t\t\t<div class=\"elementor-widget-wrap elementor-element-populated\">\n\t\t\t\t\t\t<div class=\"elementor-element elementor-element-85db494 elementor-widget elementor-widget-aux_text\" data-id=\"85db494\" data-element_type=\"widget\" data-widget_type=\"aux_text.default\">\n\t\t\t\t<div class=\"elementor-widget-container\">\n\t\t\t\t\t<section class=\"widget-container aux-widget-text aux-parent-au0b120ca5\">        <div class=\"aux-widget-advanced-text aux-wrap-style-simple aux-ico-pos-top aux-text-center aux-text-resp- aux-text-color-dark aux-text-widget-bg-center  \" >\n        \n                            <div class=\"aux-text-widget-header \"  >\n                        <div class=\"aux-ico-box aux-ico-large aux-ico-shape-circle aux-ico-clear \">\n                            <i aria-hidden=\"true\" class=\"aux-ico fas fa-map-marker-alt\"><\/i>                        <\/div>\n                <\/div>\n            \n            <div class=\"aux-text-inner aux-text-widget-content\">\n                                <h4 class=\"col-title\">Merkez<\/h4>\n                                <div class=\"widget-content\">\n                                        <p>Esentepe Mah. Anayurt Cad. Kad\u0131o\u011flu \u0130\u015f Mrk. No:1\/5 Kartal-\u0130stanbul<\/p>                <\/div>\n                            <\/div>\n        <\/div>\n                    <div class=\"aux-text-widget-footer\">\n                <div class=\"aux-border-shape-none \">\n                                <\/div>\n            <\/div>\n        \n<\/section><!-- widget-container -->\t\t\t\t<\/div>\n\t\t\t\t<\/div>\n\t\t\t\t\t<\/div>\n\t\t<\/div>\n\t\t\t\t<div class=\"aux-parallax-section elementor-column elementor-col-33 elementor-inner-column elementor-element elementor-element-ca40fb7 aux-appear-watch-animation aux-fade-in-right\" data-id=\"ca40fb7\" data-element_type=\"column\">\n\t\t\t<div class=\"elementor-widget-wrap elementor-element-populated\">\n\t\t\t\t\t\t<div class=\"elementor-element elementor-element-8c839e3 elementor-widget elementor-widget-aux_text\" data-id=\"8c839e3\" data-element_type=\"widget\" data-widget_type=\"aux_text.default\">\n\t\t\t\t<div class=\"elementor-widget-container\">\n\t\t\t\t\t<section class=\"widget-container aux-widget-text aux-parent-auc134f5c3\">        <div class=\"aux-widget-advanced-text aux-wrap-style-simple aux-ico-pos-top aux-text-center aux-text-resp- aux-text-color-dark aux-text-widget-bg-center  \" >\n        \n                            <div class=\"aux-text-widget-header \"  >\n                        <div class=\"aux-ico-box aux-ico-large aux-ico-shape-circle aux-ico-clear \">\n                            <i aria-hidden=\"true\" class=\"aux-ico fas fa-building\"><\/i>                        <\/div>\n                <\/div>\n            \n            <div class=\"aux-text-inner aux-text-widget-content\">\n                                <h4 class=\"col-title\">\u015eube<\/h4>\n                                <div class=\"widget-content\">\n                                        <p>Konutkent Mh. 3028 Cd. No:8\/C-335 Elmar Towers \u00c7ankaya Ankara<\/p>                <\/div>\n                            <\/div>\n        <\/div>\n                    <div class=\"aux-text-widget-footer\">\n                <div class=\"aux-border-shape-none \">\n                                <\/div>\n            <\/div>\n        \n<\/section><!-- widget-container -->\t\t\t\t<\/div>\n\t\t\t\t<\/div>\n\t\t\t\t\t<\/div>\n\t\t<\/div>\n\t\t\t\t\t<\/div>\n\t\t<\/section>\n\t\t\t\t<div class=\"elementor-element elementor-element-2af9f32 elementor-widget__width-auto elementor-hidden-phone elementor-widget elementor-widget-aux_simple_svg\" data-id=\"2af9f32\" data-element_type=\"widget\" data-widget_type=\"aux_simple_svg.default\">\n\t\t\t\t<div class=\"elementor-widget-container\">\n\t\t\t\t\t    <div class=\"aux-widget-container aux-simple-svg-container\">\n        <div class=\"aux-widget-container-inner\">\n            <div class=\"aux-the-svg\"><svg xmlns=\"http:\/\/www.w3.org\/2000\/svg\" width=\"97\" height=\"97\" viewBox=\"0 0 97 97\"><defs><linearGradient id=\"linear-gradient\" x1=\"-0.077\" y1=\"0.571\" x2=\"1.218\" y2=\"0.934\" gradientUnits=\"objectBoundingBox\"><stop offset=\"0\" stop-color=\"#a500ff\" \/><stop offset=\"0.498\" stop-color=\"#5372ff\" stop-opacity=\"0.349\" \/><stop offset=\"1\" stop-color=\"#00e5ff\" stop-opacity=\"0.31\" \/><\/linearGradient><\/defs><path id=\"transparent_cyrcle\" d=\"M48.5,0a48.859,48.859,0,0,0-9.774.985,48.234,48.234,0,0,0-17.342,7.3A48.642,48.642,0,0,0,3.811,29.622a48.255,48.255,0,0,0-2.826,9.1,48.973,48.973,0,0,0,0,19.549,48.234,48.234,0,0,0,7.3,17.342A48.642,48.642,0,0,0,29.622,93.189a48.256,48.256,0,0,0,9.1,2.826,48.973,48.973,0,0,0,19.549,0,48.234,48.234,0,0,0,17.342-7.3A48.642,48.642,0,0,0,93.189,67.378a48.256,48.256,0,0,0,2.826-9.1,48.973,48.973,0,0,0,0-19.549,48.235,48.235,0,0,0-7.3-17.342A48.641,48.641,0,0,0,67.378,3.811a48.256,48.256,0,0,0-9.1-2.826A48.859,48.859,0,0,0,48.5,0Zm.072,66.2A17.774,17.774,0,1,1,66.346,48.428,17.794,17.794,0,0,1,48.572,66.2Z\" transform=\"translate(0 97) rotate(-90)\" fill=\"url(#linear-gradient)\" \/><\/svg><\/div>\n        <\/div>\n    <\/div>\n    \t\t\t\t<\/div>\n\t\t\t\t<\/div>\n\t\t\t\t<div class=\"elementor-element elementor-element-8cfb32b elementor-widget__width-auto elementor-hidden-phone elementor-widget elementor-widget-aux_simple_svg\" data-id=\"8cfb32b\" data-element_type=\"widget\" data-widget_type=\"aux_simple_svg.default\">\n\t\t\t\t<div class=\"elementor-widget-container\">\n\t\t\t\t\t    <div class=\"aux-widget-container aux-simple-svg-container\">\n        <div class=\"aux-widget-container-inner\">\n            <div class=\"aux-the-svg\"><svg xmlns=\"http:\/\/www.w3.org\/2000\/svg\" width=\"100.001\" height=\"100\" viewBox=\"0 0 171.001 171\"><defs><filter id=\"Orange_cyrcle\" x=\"0\" y=\"0\" width=\"171.001\" height=\"171\"><feOffset dy=\"3\" \/><feGaussianBlur stdDeviation=\"11.5\" result=\"blur\" \/><feFlood flood-color=\"coral\" flood-opacity=\"0.4\" \/><feComposite operator=\"in\" in2=\"blur\" \/><feComposite in=\"SourceGraphic\" \/><\/filter><\/defs><g transform=\"matrix(1, 0, 0, 1, 0, 0)\" filter=\"url(#Orange_cyrcle)\"><path id=\"Orange_cyrcle-2\" d=\"M51,0A51.377,51.377,0,0,0,40.722,1.036,50.72,50.72,0,0,0,22.485,8.71,51.149,51.149,0,0,0,4.008,31.149a50.744,50.744,0,0,0-2.972,9.573,51.5,51.5,0,0,0,0,20.557A50.721,50.721,0,0,0,8.71,79.515,51.149,51.149,0,0,0,31.149,97.993a50.742,50.742,0,0,0,9.573,2.972,51.5,51.5,0,0,0,20.557,0,50.72,50.72,0,0,0,18.236-7.674A51.149,51.149,0,0,0,97.992,70.852a50.744,50.744,0,0,0,2.972-9.573,51.5,51.5,0,0,0,0-20.557A50.722,50.722,0,0,0,93.29,22.486,51.149,51.149,0,0,0,70.852,4.008a50.743,50.743,0,0,0-9.573-2.972A51.377,51.377,0,0,0,51,0Zm.076,69.615a18.69,18.69,0,1,1,18.69-18.69A18.711,18.711,0,0,1,51.076,69.615Z\" transform=\"translate(34.5 133.5) rotate(-90)\" fill=\"#e20316\" \/><\/g><\/svg><\/div>\n        <\/div>\n    <\/div>\n    \t\t\t\t<\/div>\n\t\t\t\t<\/div>\n\t\t\t\t\t<\/div>\n\t\t<\/div>\n\t\t\t\t\t<\/div>\n\t\t<\/section>\n\t\t\t\t<section class=\"elementor-section elementor-top-section elementor-element elementor-element-80c8425 elementor-section-boxed elementor-section-height-default elementor-section-height-default\" data-id=\"80c8425\" data-element_type=\"section\">\n\t\t\t\t\t\t<div class=\"elementor-container elementor-column-gap-default\">\n\t\t\t\t\t<div class=\"aux-parallax-section elementor-column elementor-col-50 elementor-top-column elementor-element elementor-element-e519a9d\" data-id=\"e519a9d\" data-element_type=\"column\">\n\t\t\t<div class=\"elementor-widget-wrap elementor-element-populated\">\n\t\t\t\t\t\t<div class=\"elementor-element elementor-element-db2f25a elementor-widget elementor-widget-google_maps\" data-id=\"db2f25a\" data-element_type=\"widget\" data-widget_type=\"google_maps.default\">\n\t\t\t\t<div class=\"elementor-widget-container\">\n\t\t\t\t\t\t\t<div class=\"elementor-custom-embed\">\n\t\t\t<iframe loading=\"lazy\"\n\t\t\t\t\tsrc=\"https:\/\/maps.google.com\/maps?q=Esentepe%2C%20Reyhanl%C4%B1%20Sk.%20No%3A1%2C%2034870%20Kartal%2F%C4%B0stanbul&#038;t=m&#038;z=10&#038;output=embed&#038;iwloc=near\"\n\t\t\t\t\ttitle=\"Esentepe, Reyhanl\u0131 Sk. No:1, 34870 Kartal\/\u0130stanbul\"\n\t\t\t\t\taria-label=\"Esentepe, Reyhanl\u0131 Sk. No:1, 34870 Kartal\/\u0130stanbul\"\n\t\t\t><\/iframe>\n\t\t<\/div>\n\t\t\t\t\t\t<\/div>\n\t\t\t\t<\/div>\n\t\t\t\t\t<\/div>\n\t\t<\/div>\n\t\t\t\t<div class=\"aux-parallax-section elementor-column elementor-col-50 elementor-top-column elementor-element elementor-element-f831e92\" data-id=\"f831e92\" data-element_type=\"column\">\n\t\t\t<div class=\"elementor-widget-wrap elementor-element-populated\">\n\t\t\t\t\t\t<div class=\"elementor-element elementor-element-9176a51 elementor-widget elementor-widget-google_maps\" data-id=\"9176a51\" data-element_type=\"widget\" data-widget_type=\"google_maps.default\">\n\t\t\t\t<div class=\"elementor-widget-container\">\n\t\t\t\t\t\t\t<div class=\"elementor-custom-embed\">\n\t\t\t<iframe loading=\"lazy\"\n\t\t\t\t\tsrc=\"https:\/\/maps.google.com\/maps?q=Elmar%20Towers%20Konutkent%2C%20%C3%87ankaya%2FAnkara&#038;t=m&#038;z=10&#038;output=embed&#038;iwloc=near\"\n\t\t\t\t\ttitle=\"Elmar Towers Konutkent, \u00c7ankaya\/Ankara\"\n\t\t\t\t\taria-label=\"Elmar Towers Konutkent, \u00c7ankaya\/Ankara\"\n\t\t\t><\/iframe>\n\t\t<\/div>\n\t\t\t\t\t\t<\/div>\n\t\t\t\t<\/div>\n\t\t\t\t\t<\/div>\n\t\t<\/div>\n\t\t\t\t\t<\/div>\n\t\t<\/section>\n\t\t\t\t<\/div>\n\t\t","protected":false},"excerpt":{"rendered":"<p>\u0130leti\u015fim Bize Ula\u015f\u0131n \u0130\u015fletmenizin Gelece\u011fi \u0130\u00e7in NET \u00c7\u00f6z\u00fcmlerle Yan\u0131n\u0131zday\u0131z. Telefon +90 (216) 353 28 51+90 (505) 854 79 72+90 (312) 544 63 81 info@netymm.net Merkez Esentepe Mah. Anayurt Cad. Kad\u0131o\u011flu \u0130\u015f Mrk. No:1\/5 Kartal-\u0130stanbul \u015eube Konutkent Mh. 3028 Cd. No:8\/C-335 Elmar Towers \u00c7ankaya Ankara<\/p>\n","protected":false},"author":1,"featured_media":0,"parent":0,"menu_order":0,"comment_status":"closed","ping_status":"closed","template":"templates\/page-builder-content.php","meta":{"footnotes":""},"class_list":["post-126","page","type-page","status-publish","hentry"],"_links":{"self":[{"href":"https:\/\/netymm.net\/index.php\/wp-json\/wp\/v2\/pages\/126","targetHints":{"allow":["GET"]}}],"collection":[{"href":"https:\/\/netymm.net\/index.php\/wp-json\/wp\/v2\/pages"}],"about":[{"href":"https:\/\/netymm.net\/index.php\/wp-json\/wp\/v2\/types\/page"}],"author":[{"embeddable":true,"href":"https:\/\/netymm.net\/index.php\/wp-json\/wp\/v2\/users\/1"}],"replies":[{"embeddable":true,"href":"https:\/\/netymm.net\/index.php\/wp-json\/wp\/v2\/comments?post=126"}],"version-history":[{"count":97,"href":"https:\/\/netymm.net\/index.php\/wp-json\/wp\/v2\/pages\/126\/revisions"}],"predecessor-version":[{"id":1952,"href":"https:\/\/netymm.net\/index.php\/wp-json\/wp\/v2\/pages\/126\/revisions\/1952"}],"wp:attachment":[{"href":"https:\/\/netymm.net\/index.php\/wp-json\/wp\/v2\/media?parent=126"}],"curies":[{"name":"wp","href":"https:\/\/api.w.org\/{rel}","templated":true}]}}