{"id":127,"date":"2020-02-17T12:41:56","date_gmt":"2020-02-17T12:41:56","guid":{"rendered":"http:\/\/netymm.net\/index.php\/blog\/"},"modified":"2024-11-22T17:58:37","modified_gmt":"2024-11-22T17:58:37","slug":"blog","status":"publish","type":"page","link":"https:\/\/netymm.net\/index.php\/blog\/","title":{"rendered":"G\u00fcncel"},"content":{"rendered":"\t\t<div data-elementor-type=\"wp-page\" data-elementor-id=\"127\" class=\"elementor elementor-127\">\n\t\t\t\t\t\t<section class=\"elementor-section elementor-top-section elementor-element elementor-element-c63d181 elementor-section-full_width elementor-section-height-min-height elementor-section-height-default elementor-section-items-middle\" data-id=\"c63d181\" data-element_type=\"section\" data-settings=\"{&quot;background_background&quot;:&quot;classic&quot;}\">\n\t\t\t\t\t\t\t<div class=\"elementor-background-overlay\"><\/div>\n\t\t\t\t\t\t\t<div class=\"elementor-container elementor-column-gap-no\">\n\t\t\t\t\t<div class=\"aux-parallax-section elementor-column elementor-col-100 elementor-top-column elementor-element elementor-element-6e7cacd\" data-id=\"6e7cacd\" data-element_type=\"column\" data-settings=\"{&quot;background_background&quot;:&quot;slideshow&quot;,&quot;background_slideshow_gallery&quot;:[],&quot;background_slideshow_loop&quot;:&quot;yes&quot;,&quot;background_slideshow_slide_duration&quot;:5000,&quot;background_slideshow_slide_transition&quot;:&quot;fade&quot;,&quot;background_slideshow_transition_duration&quot;:500}\">\n\t\t\t<div class=\"elementor-widget-wrap elementor-element-populated\">\n\t\t\t\t\t\t<section class=\"elementor-section elementor-inner-section elementor-element elementor-element-11eeace elementor-section-boxed elementor-section-height-default elementor-section-height-default\" data-id=\"11eeace\" data-element_type=\"section\">\n\t\t\t\t\t\t<div class=\"elementor-container elementor-column-gap-default\">\n\t\t\t\t\t<div class=\"aux-parallax-section elementor-column elementor-col-100 elementor-inner-column elementor-element elementor-element-ddaca24\" data-id=\"ddaca24\" data-element_type=\"column\">\n\t\t\t<div class=\"elementor-widget-wrap elementor-element-populated\">\n\t\t\t\t\t\t<div class=\"elementor-element elementor-element-19037ba elementor-widget elementor-widget-aux_modern_heading\" data-id=\"19037ba\" data-element_type=\"widget\" data-widget_type=\"aux_modern_heading.default\">\n\t\t\t\t<div class=\"elementor-widget-container\">\n\t\t\t\t\t<section class=\"aux-widget-modern-heading\">\n            <div class=\"aux-widget-inner\"><h1 class=\"aux-modern-heading-primary\">Son Eklenenler<\/h1><\/div>\n        <\/section>\t\t\t\t<\/div>\n\t\t\t\t<\/div>\n\t\t\t\t\t<\/div>\n\t\t<\/div>\n\t\t\t\t\t<\/div>\n\t\t<\/section>\n\t\t\t\t\t<\/div>\n\t\t<\/div>\n\t\t\t\t\t<\/div>\n\t\t<\/section>\n\t\t\t\t<section class=\"elementor-section elementor-top-section elementor-element elementor-element-f44998e elementor-section-boxed elementor-section-height-default elementor-section-height-default\" data-id=\"f44998e\" data-element_type=\"section\">\n\t\t\t\t\t\t<div class=\"elementor-container elementor-column-gap-default\">\n\t\t\t\t\t<div class=\"aux-parallax-section elementor-column elementor-col-100 elementor-top-column elementor-element elementor-element-bc9e7f6\" data-id=\"bc9e7f6\" data-element_type=\"column\">\n\t\t\t<div class=\"elementor-widget-wrap elementor-element-populated\">\n\t\t\t\t\t\t<div class=\"elementor-element elementor-element-37d40f4 elementor-widget elementor-widget-aux_modern_heading\" data-id=\"37d40f4\" data-element_type=\"widget\" data-widget_type=\"aux_modern_heading.default\">\n\t\t\t\t<div class=\"elementor-widget-container\">\n\t\t\t\t\t<section class=\"aux-widget-modern-heading\">\n            <div class=\"aux-widget-inner\"><h2 class=\"aux-modern-heading-primary\">Son \u0130\u00e7erikler<\/h2><h3 class=\"aux-modern-heading-secondary\"><span class=\"aux-head-highlight\">Mevzuata \u0130li\u015fkin G\u00fcncel Geli\u015fmeler<\/span><\/h3><\/div>\n        <\/section>\t\t\t\t<\/div>\n\t\t\t\t<\/div>\n\t\t\t\t<div class=\"elementor-element elementor-element-b7fb3ea elementor-widget elementor-widget-aux_recent_posts\" data-id=\"b7fb3ea\" data-element_type=\"widget\" data-settings=\"{&quot;columns&quot;:&quot;3&quot;,&quot;columns_tablet&quot;:&quot;inherit&quot;,&quot;columns_mobile&quot;:&quot;1&quot;}\" data-widget_type=\"aux_recent_posts.default\">\n\t\t\t\t<div class=\"elementor-widget-container\">\n\t\t\t\t\t<script>auxinNS(\"auxin.content.loadmore.au4fddee53\"); auxin.content.loadmore.au4fddee53={\"nonce\":\"4e7dd045f6\",\"args\":{\"title\":\"\",\"subtitle\":\"\",\"cat\":[\" \"],\"num\":9,\"only_posts__in\":\"\",\"include\":\"\",\"exclude\":\"\",\"offset\":\"\",\"paged\":\"\",\"post_type\":\"post\",\"taxonomy_name\":\"category\",\"order_by\":\"date\",\"order\":\"DESC\",\"exclude_without_media\":\"\",\"exclude_custom_post_formats\":\"\",\"exclude_quote_link\":null,\"include_post_formats_in\":\"\",\"exclude_post_formats_in\":[],\"size\":\"\",\"display_title\":\"yes\",\"words_num\":12,\"show_media\":\"\",\"display_like\":\"\",\"display_comments\":\"\",\"display_categories\":\"\",\"max_taxonomy_num\":null,\"show_badge\":\"\",\"content_layout\":\"default\",\"excerpt_len\":\"160\",\"excerpt_length\":\"\",\"show_excerpt\":\"yes\",\"show_content\":\"yes\",\"show_info\":\"yes\",\"show_format_icon\":\"\",\"show_date\":\"yes\",\"ignore_formats\":null,\"post_info_position\":\"before-title\",\"author_or_readmore\":\"readmore\",\"image_aspect_ratio\":0.75,\"meta_info_position\":\"after-content\",\"desktop_cnum\":\"3\",\"tablet_cnum\":\"inherit\",\"phone_cnum\":\"1\",\"preview_mode\":\"grid\",\"grid_table_hover\":\"bgimage\",\"tag\":\"\",\"display_author_footer\":null,\"display_author_header\":\"\",\"preloadable\":null,\"preload_preview\":null,\"preload_bgcolor\":null,\"extra_classes\":\"\",\"extra_column_classes\":\"\",\"custom_el_id\":\"\",\"carousel_space\":null,\"carousel_autoplay\":null,\"carousel_autoplay_delay\":null,\"carousel_navigation\":null,\"carousel_navigation_control\":null,\"carousel_nav_control_pos\":null,\"carousel_nav_control_skin\":null,\"carousel_loop\":null,\"request_from\":\"\",\"template_part_file\":\"theme-parts\\\/entry\\\/post-column\",\"extra_template_path\":\"\",\"universal_id\":\"au4fddee53\",\"reset_query\":true,\"wp_query_args\":[],\"custom_wp_query\":\"\",\"loadmore_type\":\"scroll\",\"loadmore_per_page\":9,\"content\":null,\"skip_wrappers\":true,\"content_width\":2000,\"inview_transition\":\"none\",\"inview_duration\":\"\",\"inview_delay\":\"\",\"inview_repeat\":\"no\",\"inview_offset\":\"\",\"called_from\":\"\"},\"handler\":\"aux_recent_posts\",\"per_page\":9};<\/script><section class=\"widget-container aux-ajax-type-scroll aux-widget-recent-posts aux-parent-au4fddee53\"><div data-element-id=\"au4fddee53\" class=\"aux-match-height aux-row aux-de-col3 aux-tb-col3 aux-mb-col1 aux-total-5 aux-ajax-view  \"><div class=\"aux-col aux-ajax-item post-1839\">\n                        <article class=\"post column-entry no-media post-1839 type-post status-publish format-standard hentry category-mevzuat\">\n                            \n                            <div class=\"entry-main\">\n                                                                                        \n                                <div class=\"entry-info\">\n                                                                    <div class=\"entry-date\">\n                                        <a href=\"https:\/\/netymm.net\/index.php\/2024\/11\/22\/yn-okc-uygulamasina-iliskin-bazi-hususlarda-degisiklikler-yapildi\/\">\n                                            <time datetime=\"2024-11-22T10:26:25+00:00\" title=\"2024-11-22T10:26:25+00:00\" >Kas\u0131m 22, 2024<\/time>\n                                        <\/a>\n                                    <\/div>\n                                                                                                                                                                                                        <\/div>\n                            \n                                <header class=\"entry-header\">\n                                \n                                    <h4 class=\"entry-title\">\n                                        <a href=\"https:\/\/netymm.net\/index.php\/2024\/11\/22\/yn-okc-uygulamasina-iliskin-bazi-hususlarda-degisiklikler-yapildi\/\">\n                                            YN \u00d6KC Uygulamas\u0131na \u0130li\u015fkin Baz\u0131 Hususlarda De\u011fi\u015fiklikler Yap\u0131ld\u0131                                        <\/a>\n                                    <\/h4>\n                                                                    <div class=\"entry-format\">\n                                        <a href=\"https:\/\/netymm.net\/index.php\/2024\/11\/22\/yn-okc-uygulamasina-iliskin-bazi-hususlarda-degisiklikler-yapildi\/\">\n                                            <div class=\"post-format format-\"> <\/div>\n                                        <\/a>\n                                    <\/div>\n                                <\/header>\n                            \n                                                            <div class=\"entry-content\">\n                                                                            <p>\n25 Eyl\u00fcl 2024 Tarihli ve 32673 Say\u0131l\u0131 Resm\u00ee Gazete\u2019de \u201cVergi Usul Kanunu Genel Tebli\u011fi (S\u0131ra No: 566)\u201d yay\u0131mland\u0131.\n\n\n\nBu Tebli\u011f ile Yeni Nesil \u00d6deme Kaydedici  ...<\/p><div class=\"clear\"><\/div>                                <\/div>\n                                                                                        <footer class=\"entry-meta aux-after-content\">\n                                                                        <div class=\"readmore\">\n                                        <a href=\"https:\/\/netymm.net\/index.php\/2024\/11\/22\/yn-okc-uygulamasina-iliskin-bazi-hususlarda-degisiklikler-yapildi\/\" class=\"aux-read-more\"><span class=\"aux-read-more-text\">Devam\u0131<\/span><\/a>\n                                    <\/div>\n                                                                    <\/footer>\n                            \n                            <\/div>\n\n                        <\/article>\n<\/div><div class=\"aux-col aux-ajax-item post-589\">\n                        <article class=\"post column-entry no-media post-589 type-post status-publish format-standard hentry category-mevzuat\">\n                            \n                            <div class=\"entry-main\">\n                                                                                        \n                                <div class=\"entry-info\">\n                                                                    <div class=\"entry-date\">\n                                        <a href=\"https:\/\/netymm.net\/index.php\/2024\/11\/04\/yeni-tasit-sahiplerine-elektronik-tebligat-adresi-edinme-zorunlulugu-getirilmistir\/\">\n                                            <time datetime=\"2024-11-04T19:33:13+00:00\" title=\"2024-11-04T19:33:13+00:00\" >Kas\u0131m 4, 2024<\/time>\n                                        <\/a>\n                                    <\/div>\n                                                                                                                                                                                                        <\/div>\n                            \n                                <header class=\"entry-header\">\n                                \n                                    <h4 class=\"entry-title\">\n                                        <a href=\"https:\/\/netymm.net\/index.php\/2024\/11\/04\/yeni-tasit-sahiplerine-elektronik-tebligat-adresi-edinme-zorunlulugu-getirilmistir\/\">\n                                            Yeni Ta\u015f\u0131t Sahiplerine Elektronik Tebligat Adresi Edinme Zorunlulu\u011fu Getirilmi\u015ftir                                        <\/a>\n                                    <\/h4>\n                                                                    <div class=\"entry-format\">\n                                        <a href=\"https:\/\/netymm.net\/index.php\/2024\/11\/04\/yeni-tasit-sahiplerine-elektronik-tebligat-adresi-edinme-zorunlulugu-getirilmistir\/\">\n                                            <div class=\"post-format format-\"> <\/div>\n                                        <\/a>\n                                    <\/div>\n                                <\/header>\n                            \n                                                            <div class=\"entry-content\">\n                                                                            <p>\n5 Eyl\u00fcl 2024 tarihli ve 32673 say\u0131l\u0131 Resm\u00ee Gazete\u2019de yay\u0131mlanan \u201cVergi Usul Kanunu Genel Tebli\u011fi (S\u0131ra No: 568)\u201d ile \u00d6zel T\u00fcketim Vergisi Kanununa ekli (II) sa ...<\/p><div class=\"clear\"><\/div>                                <\/div>\n                                                                                        <footer class=\"entry-meta aux-after-content\">\n                                                                        <div class=\"readmore\">\n                                        <a href=\"https:\/\/netymm.net\/index.php\/2024\/11\/04\/yeni-tasit-sahiplerine-elektronik-tebligat-adresi-edinme-zorunlulugu-getirilmistir\/\" class=\"aux-read-more\"><span class=\"aux-read-more-text\">Devam\u0131<\/span><\/a>\n                                    <\/div>\n                                                                    <\/footer>\n                            \n                            <\/div>\n\n                        <\/article>\n<\/div><div class=\"aux-col aux-ajax-item post-587\">\n                        <article class=\"post column-entry no-media post-587 type-post status-publish format-standard hentry category-mevzuat\">\n                            \n                            <div class=\"entry-main\">\n                                                                                        \n                                <div class=\"entry-info\">\n                                                                    <div class=\"entry-date\">\n                                        <a href=\"https:\/\/netymm.net\/index.php\/2024\/11\/04\/istanbul-finans-merkezinde-faaliyet-gosteren-sirketler-icin-yabanci-para-birimi-ile-defter-tutma-duzenlemesi\/\">\n                                            <time datetime=\"2024-11-04T19:31:10+00:00\" title=\"2024-11-04T19:31:10+00:00\" >Kas\u0131m 4, 2024<\/time>\n                                        <\/a>\n                                    <\/div>\n                                                                                                                                                                                                        <\/div>\n                            \n                                <header class=\"entry-header\">\n                                \n                                    <h4 class=\"entry-title\">\n                                        <a href=\"https:\/\/netymm.net\/index.php\/2024\/11\/04\/istanbul-finans-merkezinde-faaliyet-gosteren-sirketler-icin-yabanci-para-birimi-ile-defter-tutma-duzenlemesi\/\">\n                                            \u0130stanbul Finans Merkezi\u2019nde Faaliyet G\u00f6steren \u015eirketler \u0130\u00e7in Yabanc\u0131 Para Birimi ile Defter&hellip;                                        <\/a>\n                                    <\/h4>\n                                                                    <div class=\"entry-format\">\n                                        <a href=\"https:\/\/netymm.net\/index.php\/2024\/11\/04\/istanbul-finans-merkezinde-faaliyet-gosteren-sirketler-icin-yabanci-para-birimi-ile-defter-tutma-duzenlemesi\/\">\n                                            <div class=\"post-format format-\"> <\/div>\n                                        <\/a>\n                                    <\/div>\n                                <\/header>\n                            \n                                                            <div class=\"entry-content\">\n                                                                            <p>\n25 Eyl\u00fcl 2024 tarihli ve 32673 say\u0131l\u0131 Resm\u00ee Gazete\u2019de yay\u0131mlanan \u201cVergi Usul Kanunu Genel Tebli\u011fi (S\u0131ra No: 569)\u201d ile \u0130stanbul Finans Merkezinde faaliyette bul ...<\/p><div class=\"clear\"><\/div>                                <\/div>\n                                                                                        <footer class=\"entry-meta aux-after-content\">\n                                                                        <div class=\"readmore\">\n                                        <a href=\"https:\/\/netymm.net\/index.php\/2024\/11\/04\/istanbul-finans-merkezinde-faaliyet-gosteren-sirketler-icin-yabanci-para-birimi-ile-defter-tutma-duzenlemesi\/\" class=\"aux-read-more\"><span class=\"aux-read-more-text\">Devam\u0131<\/span><\/a>\n                                    <\/div>\n                                                                    <\/footer>\n                            \n                            <\/div>\n\n                        <\/article>\n<\/div><div class=\"aux-col aux-ajax-item post-583\">\n                        <article class=\"post column-entry no-media post-583 type-post status-publish format-standard hentry category-mevzuat\">\n                            \n                            <div class=\"entry-main\">\n                                                                                        \n                                <div class=\"entry-info\">\n                                                                    <div class=\"entry-date\">\n                                        <a href=\"https:\/\/netymm.net\/index.php\/2024\/11\/04\/7-000-tlyi-asan-tahsilat-ve-odemelerin-finansal-kurumlar-araciligiyla-yapilmasinin-zorunlu-hale-getirilmistir\/\">\n                                            <time datetime=\"2024-11-04T19:26:40+00:00\" title=\"2024-11-04T19:26:40+00:00\" >Kas\u0131m 4, 2024<\/time>\n                                        <\/a>\n                                    <\/div>\n                                                                                                                                                                                                        <\/div>\n                            \n                                <header class=\"entry-header\">\n                                \n                                    <h4 class=\"entry-title\">\n                                        <a href=\"https:\/\/netymm.net\/index.php\/2024\/11\/04\/7-000-tlyi-asan-tahsilat-ve-odemelerin-finansal-kurumlar-araciligiyla-yapilmasinin-zorunlu-hale-getirilmistir\/\">\n                                            7.000 TL\u2019yi A\u015fan Tahsilat ve \u00d6demelerin Finansal Kurumlar Arac\u0131l\u0131\u011f\u0131yla Yap\u0131lmas\u0131n\u0131n Zorunlu Hale&hellip;                                        <\/a>\n                                    <\/h4>\n                                                                    <div class=\"entry-format\">\n                                        <a href=\"https:\/\/netymm.net\/index.php\/2024\/11\/04\/7-000-tlyi-asan-tahsilat-ve-odemelerin-finansal-kurumlar-araciligiyla-yapilmasinin-zorunlu-hale-getirilmistir\/\">\n                                            <div class=\"post-format format-\"> <\/div>\n                                        <\/a>\n                                    <\/div>\n                                <\/header>\n                            \n                                                            <div class=\"entry-content\">\n                                                                            <p>\n2\/8\/2024 tarihinde yay\u0131mlanan 7524 say\u0131l\u0131 Kanun\u2019un 6 nc\u0131 maddesi ile Vergi Usul Kanununun m\u00fckerrer 257 nci maddesinde yap\u0131lan de\u011fi\u015fiklikle tahsilat ve \u00f6demeler ...<\/p><div class=\"clear\"><\/div>                                <\/div>\n                                                                                        <footer class=\"entry-meta aux-after-content\">\n                                                                        <div class=\"readmore\">\n                                        <a href=\"https:\/\/netymm.net\/index.php\/2024\/11\/04\/7-000-tlyi-asan-tahsilat-ve-odemelerin-finansal-kurumlar-araciligiyla-yapilmasinin-zorunlu-hale-getirilmistir\/\" class=\"aux-read-more\"><span class=\"aux-read-more-text\">Devam\u0131<\/span><\/a>\n                                    <\/div>\n                                                                    <\/footer>\n                            \n                            <\/div>\n\n                        <\/article>\n<\/div><div class=\"aux-col aux-ajax-item post-122\">\n                        <article class=\"post column-entry no-media post-122 type-post status-publish format-standard hentry category-mevzuat\">\n                            \n                            <div class=\"entry-main\">\n                                                                                        \n                                <div class=\"entry-info\">\n                                                                    <div class=\"entry-date\">\n                                        <a href=\"https:\/\/netymm.net\/index.php\/2020\/02\/25\/your-business-plans-organized-while-you-rest\/\">\n                                            <time datetime=\"2020-02-25T07:45:58+00:00\" title=\"2020-02-25T07:45:58+00:00\" >\u015eubat 25, 2020<\/time>\n                                        <\/a>\n                                    <\/div>\n                                                                                                                                                                                                        <\/div>\n                            \n                                <header class=\"entry-header\">\n                                \n                                    <h4 class=\"entry-title\">\n                                        <a href=\"https:\/\/netymm.net\/index.php\/2020\/02\/25\/your-business-plans-organized-while-you-rest\/\">\n                                            Kira \u00d6demelerinin Tevsiki                                        <\/a>\n                                    <\/h4>\n                                                                    <div class=\"entry-format\">\n                                        <a href=\"https:\/\/netymm.net\/index.php\/2020\/02\/25\/your-business-plans-organized-while-you-rest\/\">\n                                            <div class=\"post-format format-\"> <\/div>\n                                        <\/a>\n                                    <\/div>\n                                <\/header>\n                            \n                                                            <div class=\"entry-content\">\n                                                                            <p>\nKira \u00d6demelerinin Tevsiki Hakk\u0131nda Gelir Vergisi Genel Tebli\u011fi (Seri No: 328) Yay\u0131mland\u0131\n\n\n\n17 Ekim 2024 Tarihli ve 32695 Say\u0131l\u0131 Resmi Gazete\u2019de kira \u00f6demeleri ...<\/p><div class=\"clear\"><\/div>                                <\/div>\n                                                                                        <footer class=\"entry-meta aux-after-content\">\n                                                                        <div class=\"readmore\">\n                                        <a href=\"https:\/\/netymm.net\/index.php\/2020\/02\/25\/your-business-plans-organized-while-you-rest\/\" class=\"aux-read-more\"><span class=\"aux-read-more-text\">Devam\u0131<\/span><\/a>\n                                    <\/div>\n                                                                    <\/footer>\n                            \n                            <\/div>\n\n                        <\/article>\n<\/div><\/div><\/section><!-- widget-container -->\t\t\t\t<\/div>\n\t\t\t\t<\/div>\n\t\t\t\t\t<\/div>\n\t\t<\/div>\n\t\t\t\t\t<\/div>\n\t\t<\/section>\n\t\t\t\t<\/div>\n\t\t","protected":false},"excerpt":{"rendered":"<p>Son Eklenenler Son \u0130\u00e7erikler Mevzuata \u0130li\u015fkin G\u00fcncel Geli\u015fmeler Kas\u0131m 4, 2024 | Edit Yeni Ta\u015f\u0131t Sahiplerine Elektronik Tebligat Adresi Edinme Zorunlulu\u011fu Getirilmi\u015ftir 5 Eyl\u00fcl 2024 tarihli ve 32673 say\u0131l\u0131 Resm\u00ee Gazete\u2019de yay\u0131mlanan \u201cVergi Usul Kanunu Genel Tebli\u011fi (S\u0131ra No: 568)\u201d ile \u00d6zel T\u00fcketim Vergisi Kanununa ekli (II) sa &#8230; Devam\u0131 Kas\u0131m 4, 2024 | Edit [&hellip;]<\/p>\n","protected":false},"author":1,"featured_media":0,"parent":0,"menu_order":0,"comment_status":"closed","ping_status":"closed","template":"templates\/page-builder-content.php","meta":{"footnotes":""},"class_list":["post-127","page","type-page","status-publish","hentry"],"_links":{"self":[{"href":"https:\/\/netymm.net\/index.php\/wp-json\/wp\/v2\/pages\/127","targetHints":{"allow":["GET"]}}],"collection":[{"href":"https:\/\/netymm.net\/index.php\/wp-json\/wp\/v2\/pages"}],"about":[{"href":"https:\/\/netymm.net\/index.php\/wp-json\/wp\/v2\/types\/page"}],"author":[{"embeddable":true,"href":"https:\/\/netymm.net\/index.php\/wp-json\/wp\/v2\/users\/1"}],"replies":[{"embeddable":true,"href":"https:\/\/netymm.net\/index.php\/wp-json\/wp\/v2\/comments?post=127"}],"version-history":[{"count":73,"href":"https:\/\/netymm.net\/index.php\/wp-json\/wp\/v2\/pages\/127\/revisions"}],"predecessor-version":[{"id":1887,"href":"https:\/\/netymm.net\/index.php\/wp-json\/wp\/v2\/pages\/127\/revisions\/1887"}],"wp:attachment":[{"href":"https:\/\/netymm.net\/index.php\/wp-json\/wp\/v2\/media?parent=127"}],"curies":[{"name":"wp","href":"https:\/\/api.w.org\/{rel}","templated":true}]}}