{"id":1960,"date":"2024-12-11T19:40:04","date_gmt":"2024-12-11T19:40:04","guid":{"rendered":"https:\/\/netymm.net\/index.php\/vergi-danismanligi-copy\/"},"modified":"2025-02-04T16:04:00","modified_gmt":"2025-02-04T16:04:00","slug":"ekibimiz","status":"publish","type":"page","link":"https:\/\/netymm.net\/index.php\/ekibimiz\/","title":{"rendered":"Ekibimiz"},"content":{"rendered":"\t\t<div data-elementor-type=\"wp-page\" data-elementor-id=\"1960\" class=\"elementor elementor-1960\">\n\t\t\t\t\t\t<section class=\"elementor-section elementor-top-section elementor-element elementor-element-2ad244f elementor-section-full_width elementor-section-height-min-height elementor-section-height-default elementor-section-items-middle\" data-id=\"2ad244f\" data-element_type=\"section\" data-settings=\"{&quot;background_background&quot;:&quot;classic&quot;}\">\n\t\t\t\t\t\t\t<div class=\"elementor-background-overlay\"><\/div>\n\t\t\t\t\t\t\t<div class=\"elementor-container elementor-column-gap-no\">\n\t\t\t\t\t<div class=\"aux-parallax-section elementor-column elementor-col-100 elementor-top-column elementor-element elementor-element-8e82738\" data-id=\"8e82738\" data-element_type=\"column\">\n\t\t\t<div class=\"elementor-widget-wrap elementor-element-populated\">\n\t\t\t\t\t\t<section class=\"elementor-section elementor-inner-section elementor-element elementor-element-c77f88c elementor-section-boxed elementor-section-height-default elementor-section-height-default\" data-id=\"c77f88c\" data-element_type=\"section\">\n\t\t\t\t\t\t<div class=\"elementor-container elementor-column-gap-default\">\n\t\t\t\t\t<div class=\"aux-parallax-section elementor-column elementor-col-100 elementor-inner-column elementor-element elementor-element-f038697\" data-id=\"f038697\" data-element_type=\"column\">\n\t\t\t<div class=\"elementor-widget-wrap elementor-element-populated\">\n\t\t\t\t\t\t<div class=\"elementor-element elementor-element-566be6c aux-appear-watch-animation aux-fade-in-down elementor-widget elementor-widget-aux_modern_heading\" data-id=\"566be6c\" data-element_type=\"widget\" data-widget_type=\"aux_modern_heading.default\">\n\t\t\t\t<div class=\"elementor-widget-container\">\n\t\t\t\t\t<section class=\"aux-widget-modern-heading\">\n            <div class=\"aux-widget-inner\"><h1 class=\"aux-modern-heading-primary\">Ekibimiz<\/h1><\/div>\n        <\/section>\t\t\t\t<\/div>\n\t\t\t\t<\/div>\n\t\t\t\t\t<\/div>\n\t\t<\/div>\n\t\t\t\t\t<\/div>\n\t\t<\/section>\n\t\t\t\t\t<\/div>\n\t\t<\/div>\n\t\t\t\t\t<\/div>\n\t\t<\/section>\n\t\t\t\t<section class=\"elementor-section elementor-top-section elementor-element elementor-element-b384044 elementor-section-full_width elementor-section-height-full elementor-section-height-default elementor-section-items-middle\" data-id=\"b384044\" data-element_type=\"section\" data-settings=\"{&quot;background_background&quot;:&quot;classic&quot;}\">\n\t\t\t\t\t\t<div class=\"elementor-container elementor-column-gap-no\">\n\t\t\t\t\t<div class=\"aux-parallax-section elementor-column elementor-col-50 elementor-top-column elementor-element elementor-element-dcde2e7\" data-id=\"dcde2e7\" data-element_type=\"column\">\n\t\t\t<div class=\"elementor-widget-wrap elementor-element-populated\">\n\t\t\t\t\t\t<div class=\"elementor-element elementor-element-905db2c aux-appear-watch-animation aux-fade-in-left-1 elementor-widget elementor-widget-aux_image\" data-id=\"905db2c\" data-element_type=\"widget\" data-widget_type=\"aux_image.default\">\n\t\t\t\t<div class=\"elementor-widget-container\">\n\t\t\t\t\t<section class=\"widget-container aux-widget-image aux-alignnone aux-parent-auaef1279a\">\n    <div class=\"aux-media-hint-frame \">\n        <div class=\"aux-media-image \" >\n        \n            \n\n            \n            <img fetchpriority=\"high\" decoding=\"async\" width=\"590\" height=\"590\" src=\"https:\/\/netymm.net\/wp-content\/uploads\/2024\/12\/ortam100.png\" class=\"aux-attachment aux-featured-image aux-attachment-id-1969\" alt=\"ortam100\" data-ratio=\"1\" data-original-w=\"590\" \/>            \n                <\/div>\n    <\/div>\n\n<\/section><!-- widget-container -->\t\t\t\t<\/div>\n\t\t\t\t<\/div>\n\t\t\t\t<div class=\"elementor-element elementor-element-873beda elementor-widget__width-auto elementor-widget elementor-widget-aux_simple_svg\" data-id=\"873beda\" data-element_type=\"widget\" data-widget_type=\"aux_simple_svg.default\">\n\t\t\t\t<div class=\"elementor-widget-container\">\n\t\t\t\t\t    <div class=\"aux-widget-container aux-simple-svg-container\">\n        <div class=\"aux-widget-container-inner\">\n            <div class=\"aux-the-svg\"><svg xmlns=\"http:\/\/www.w3.org\/2000\/svg\" width=\"307.217\" height=\"200.249\" viewBox=\"0 0 387.217 250.249\"><defs><filter id=\"Path_66\" x=\"70.933\" y=\"161.466\" width=\"88.783\" height=\"88.783\"><feOffset dy=\"3\" \/><feGaussianBlur stdDeviation=\"11.5\" result=\"blur\" \/><feFlood flood-color=\"coral\" flood-opacity=\"0.4\" \/><feComposite operator=\"in\" in2=\"blur\" \/><feComposite in=\"SourceGraphic\" \/><\/filter><filter id=\"Subtraction_123\" x=\"131.5\" y=\"26.997\" width=\"131.001\" height=\"131\"><feOffset dy=\"3\" \/><feGaussianBlur stdDeviation=\"11.5\" result=\"blur-2\" \/><feFlood flood-color=\"coral\" flood-opacity=\"0.4\" \/><feComposite operator=\"in\" in2=\"blur-2\" \/><feComposite in=\"SourceGraphic\" \/><\/filter><\/defs><g id=\"single_services_elements\" transform=\"translate(0 -1448.503)\"><g transform=\"matrix(1, 0, 0, 1, 0, 1448.5)\" filter=\"url(#Path_66)\"><path id=\"Path_66-2\" d=\"M9.892,0A9.892,9.892,0,1,1,0,9.892,9.892,9.892,0,0,1,9.892,0Z\" transform=\"translate(105.43 192.97)\" fill=\"coral\" \/><\/g><g transform=\"matrix(1, 0, 0, 1, 0, 1448.5)\" filter=\"url(#Subtraction_123)\"><path id=\"Subtraction_123-2\" d=\"M31,0a31.229,31.229,0,0,0-6.248.63A30.83,30.83,0,0,0,13.668,5.294,31.091,31.091,0,0,0,2.436,18.934,30.844,30.844,0,0,0,.63,24.753a31.3,31.3,0,0,0,0,12.5A30.831,30.831,0,0,0,5.294,48.333,31.091,31.091,0,0,0,18.933,59.565a30.843,30.843,0,0,0,5.819,1.806,31.3,31.3,0,0,0,12.5,0,30.83,30.83,0,0,0,11.085-4.665A31.091,31.091,0,0,0,59.564,43.067a30.845,30.845,0,0,0,1.806-5.819,31.3,31.3,0,0,0,0-12.5,30.831,30.831,0,0,0-4.665-11.085A31.09,31.09,0,0,0,43.067,2.436,30.844,30.844,0,0,0,37.248.63,31.229,31.229,0,0,0,31,0Zm.046,42.315A11.361,11.361,0,1,1,42.407,30.955,11.373,11.373,0,0,1,31.046,42.315Z\" transform=\"translate(166 120.5) rotate(-90)\" fill=\"coral\" \/><\/g><path id=\"Path_136\" d=\"M55.151,0A55.151,55.151,0,1,1,0,55.151,55.151,55.151,0,0,1,55.151,0Z\" transform=\"matrix(0.259, 0.966, -0.966, 0.259, 358.669, 1537.727)\" fill=\"#fff\" opacity=\"0.33\" \/><path id=\"Path_41\" d=\"M17.874,0A17.874,17.874,0,1,1,0,17.874,17.874,17.874,0,0,1,17.874,0Z\" transform=\"matrix(0.259, 0.966, -0.966, 0.259, 34.53, 1448.503)\" fill=\"#fff\" opacity=\"0.33\" \/><\/g><\/svg><\/div>\n        <\/div>\n    <\/div>\n    \t\t\t\t<\/div>\n\t\t\t\t<\/div>\n\t\t\t\t<div class=\"elementor-element elementor-element-48f42fa elementor-widget__width-auto elementor-hidden-phone elementor-widget elementor-widget-aux_simple_svg\" data-id=\"48f42fa\" data-element_type=\"widget\" data-widget_type=\"aux_simple_svg.default\">\n\t\t\t\t<div class=\"elementor-widget-container\">\n\t\t\t\t\t    <div class=\"aux-widget-container aux-simple-svg-container\">\n        <div class=\"aux-widget-container-inner\">\n            <div class=\"aux-the-svg\"><svg xmlns=\"http:\/\/www.w3.org\/2000\/svg\" width=\"100.001\" height=\"100\" viewBox=\"0 0 171.001 171\"><defs><filter id=\"Orange_cyrcle\" x=\"0\" y=\"0\" width=\"171.001\" height=\"171\"><feOffset dy=\"3\" \/><feGaussianBlur stdDeviation=\"8.5\" result=\"blur\" \/><feFlood flood-color=\"coral\" flood-opacity=\"0.4\" \/><feComposite operator=\"in\" in2=\"blur\" \/><feComposite in=\"SourceGraphic\" \/><\/filter><\/defs><g transform=\"matrix(1, 0, 0, 1, 0, 0)\" filter=\"url(#Orange_cyrcle)\"><path id=\"Orange_cyrcle-2\" d=\"M51,0A51.377,51.377,0,0,0,40.722,1.036,50.72,50.72,0,0,0,22.485,8.71,51.149,51.149,0,0,0,4.008,31.149a50.744,50.744,0,0,0-2.972,9.573,51.5,51.5,0,0,0,0,20.557A50.721,50.721,0,0,0,8.71,79.515,51.149,51.149,0,0,0,31.149,97.993a50.742,50.742,0,0,0,9.573,2.972,51.5,51.5,0,0,0,20.557,0,50.72,50.72,0,0,0,18.236-7.674A51.149,51.149,0,0,0,97.992,70.852a50.744,50.744,0,0,0,2.972-9.573,51.5,51.5,0,0,0,0-20.557A50.722,50.722,0,0,0,93.29,22.486,51.149,51.149,0,0,0,70.852,4.008a50.743,50.743,0,0,0-9.573-2.972A51.377,51.377,0,0,0,51,0Zm.076,69.615a18.69,18.69,0,1,1,18.69-18.69A18.711,18.711,0,0,1,51.076,69.615Z\" transform=\"translate(34.5 133.5) rotate(-90)\" fill=\"#e20316\" \/><\/g><\/svg><\/div>\n        <\/div>\n    <\/div>\n    \t\t\t\t<\/div>\n\t\t\t\t<\/div>\n\t\t\t\t\t<\/div>\n\t\t<\/div>\n\t\t\t\t<div class=\"aux-parallax-section elementor-column elementor-col-50 elementor-top-column elementor-element elementor-element-fd54a77\" data-id=\"fd54a77\" data-element_type=\"column\">\n\t\t\t<div class=\"elementor-widget-wrap elementor-element-populated\">\n\t\t\t\t\t\t<div class=\"elementor-element elementor-element-13f3fdc aux-appear-watch-animation aux-fade-in-right-1 elementor-widget elementor-widget-aux_modern_heading\" data-id=\"13f3fdc\" data-element_type=\"widget\" data-widget_type=\"aux_modern_heading.default\">\n\t\t\t\t<div class=\"elementor-widget-container\">\n\t\t\t\t\t<section class=\"aux-widget-modern-heading\">\n            <div class=\"aux-widget-inner\"><h2 class=\"aux-modern-heading-primary\">Bizi Tan\u0131y\u0131n<\/h2><h3 class=\"aux-modern-heading-secondary\"><span class=\"aux-head-highlight\">Finansal \u00c7\u00f6z\u00fcmlerinizde G\u00fcvendi\u011finiz Partner<\/span><\/h3><div class=\"aux-modern-heading-description\"><p>NET YMM olarak, alan\u0131nda uzman, deneyimli ve dinamik bir ekibe sahibiz. Ekibimiz, yeminli mali m\u00fc\u015favirler, finansal dan\u0131\u015fmanlar ve vergi hukuku uzmanlar\u0131ndan olu\u015fmaktad\u0131r. Her biri kendi alan\u0131nda derin bilgi birikimine ve sekt\u00f6rel deneyime sahip olan profesyonellerimiz, m\u00fc\u015fterilerimize en do\u011fru, h\u0131zl\u0131 ve g\u00fcvenilir hizmeti sunmay\u0131 hedeflemektedir. \u0130\u015f s\u00fcre\u00e7lerinizin verimlili\u011fini art\u0131rmak ve finansal hedeflerinize ula\u015fman\u0131zda destek olmak i\u00e7in her zaman yan\u0131n\u0131zday\u0131z. M\u00fc\u015fterilerimizle yak\u0131n i\u015f birli\u011fi i\u00e7inde \u00e7al\u0131\u015farak, onlar\u0131n ihtiya\u00e7lar\u0131na \u00f6zel \u00e7\u00f6z\u00fcmler geli\u015ftirmek ve sekt\u00f6rdeki en iyi uygulamalar\u0131 hayata ge\u00e7irmek temel \u00f6nceli\u011fimizdir.<\/p><\/div><\/div>\n        <\/section>\t\t\t\t<\/div>\n\t\t\t\t<\/div>\n\t\t\t\t\t<\/div>\n\t\t<\/div>\n\t\t\t\t\t<\/div>\n\t\t<\/section>\n\t\t\t\t<section class=\"elementor-section elementor-top-section elementor-element elementor-element-ecdd7aa elementor-section-full_width elementor-section-height-default elementor-section-height-default\" data-id=\"ecdd7aa\" data-element_type=\"section\" data-settings=\"{&quot;background_background&quot;:&quot;classic&quot;}\">\n\t\t\t\t\t\t<div class=\"elementor-container elementor-column-gap-no\">\n\t\t\t\t\t<div class=\"aux-parallax-section elementor-column elementor-col-100 elementor-top-column elementor-element elementor-element-1574dca\" data-id=\"1574dca\" data-element_type=\"column\">\n\t\t\t<div class=\"elementor-widget-wrap elementor-element-populated\">\n\t\t\t\t\t\t<div class=\"elementor-element elementor-element-c7c3de7 aux-appear-watch-animation aux-fade-in-up elementor-widget elementor-widget-aux_modern_heading\" data-id=\"c7c3de7\" data-element_type=\"widget\" data-widget_type=\"aux_modern_heading.default\">\n\t\t\t\t<div class=\"elementor-widget-container\">\n\t\t\t\t\t<section class=\"aux-widget-modern-heading\">\n            <div class=\"aux-widget-inner\"><h2 class=\"aux-modern-heading-primary\">EK\u0130B\u0130M\u0130Z<\/h2><h3 class=\"aux-modern-heading-secondary\"><span class=\"aux-head-highlight\">Bizi Tan\u0131y\u0131n<\/span><\/h3><\/div>\n        <\/section>\t\t\t\t<\/div>\n\t\t\t\t<\/div>\n\t\t\t\t<section class=\"elementor-section elementor-inner-section elementor-element elementor-element-da5b9a1 elementor-section-boxed elementor-section-height-default elementor-section-height-default\" data-id=\"da5b9a1\" data-element_type=\"section\">\n\t\t\t\t\t\t<div class=\"elementor-container elementor-column-gap-default\">\n\t\t\t\t\t<div class=\"aux-parallax-section elementor-column elementor-col-50 elementor-inner-column elementor-element elementor-element-85bc693 aux-appear-watch-animation aux-fade-in-right-1\" data-id=\"85bc693\" data-element_type=\"column\">\n\t\t\t<div class=\"elementor-widget-wrap elementor-element-populated\">\n\t\t\t\t\t\t<div class=\"elementor-element elementor-element-d4a2bf1 elementor-widget elementor-widget-aux_staff\" data-id=\"d4a2bf1\" data-element_type=\"widget\" data-widget_type=\"aux_staff.default\">\n\t\t\t\t<div class=\"elementor-widget-container\">\n\t\t\t\t\t<section class=\"aux-wrap-style-simple widget-container aux-widget-staff aux-parent-aub08d6a14\">    <div class=\"aux-staff-container aux-staff-pos-top aux-staff-text-center aux-staff-text-dark \" >\n            <div class=\"aux-staff-header aux-staff-img-circle\">\n            <div class=\"aux-media-image\"><img decoding=\"async\" width=\"251\" height=\"251\" src=\"https:\/\/netymm.net\/wp-content\/uploads\/2024\/11\/erdal_gulten-40x40.jpg\" class=\" aux-preload aux-has-preview\" alt=\"erdal_gulten\" data-ratio=\"1\" data-original-w=\"251\" data-src=\"https:\/\/netymm.net\/wp-content\/uploads\/2024\/11\/erdal_gulten.jpg\" \/><\/div>        <\/div>\n            <div class=\"aux-staff-content\">\n                        <h4 class=\"col-title\"><a href=\"https:\/\/netymm.net\/index.php\/erdal-gulten\">\n            Erdal G\u00dcLTEN<\/a>\n            <\/h4>\n                        <h5 class=\"col-subtitle\">Yeminli Mali M\u00fc\u015favir<\/br><\/br><\/h5>\n                        <div class=\"aux-staff-footer aux-small aux-horizontal\">\n                    <ul class=\"aux-social-list\">\n\n                                                                                                                                                                                                                          <\/ul>\n           <\/div>\n                    <\/div>\n\n    <\/div>\n\n\n<\/section><!-- widget-container -->\t\t\t\t<\/div>\n\t\t\t\t<\/div>\n\t\t\t\t\t<\/div>\n\t\t<\/div>\n\t\t\t\t<div class=\"aux-parallax-section elementor-column elementor-col-50 elementor-inner-column elementor-element elementor-element-5da6ce1 aux-appear-watch-animation aux-fade-in-right-1\" data-id=\"5da6ce1\" data-element_type=\"column\">\n\t\t\t<div class=\"elementor-widget-wrap elementor-element-populated\">\n\t\t\t\t\t\t<div class=\"elementor-element elementor-element-44d3599 elementor-widget elementor-widget-aux_staff\" data-id=\"44d3599\" data-element_type=\"widget\" data-widget_type=\"aux_staff.default\">\n\t\t\t\t<div class=\"elementor-widget-container\">\n\t\t\t\t\t<section class=\"aux-wrap-style-simple widget-container aux-widget-staff aux-parent-au648456fd\">    <div class=\"aux-staff-container aux-staff-pos-top aux-staff-text-center aux-staff-text-dark \" >\n            <div class=\"aux-staff-header aux-staff-img-circle\">\n            <div class=\"aux-media-image\"><img decoding=\"async\" width=\"251\" height=\"251\" src=\"https:\/\/netymm.net\/wp-content\/uploads\/2024\/11\/ekibimiz3-40x40.jpg\" class=\" aux-preload aux-has-preview\" alt=\"ekibimiz3\" data-ratio=\"1\" data-original-w=\"251\" data-src=\"https:\/\/netymm.net\/wp-content\/uploads\/2024\/11\/ekibimiz3.jpg\" \/><\/div>        <\/div>\n            <div class=\"aux-staff-content\">\n                        <h4 class=\"col-title\"><a href=\"https:\/\/netymm.net\/index.php\/osman-oguz\">\n            Osman O\u011eUZ<\/a>\n            <\/h4>\n                        <h5 class=\"col-subtitle\">Yeminli Mali M\u00fc\u015favir<\/br><\/br><\/h5>\n                        <div class=\"aux-staff-footer aux-small aux-horizontal\">\n                    <ul class=\"aux-social-list\">\n\n                                                                                                                                                                                                                          <\/ul>\n           <\/div>\n                    <\/div>\n\n    <\/div>\n\n\n<\/section><!-- widget-container -->\t\t\t\t<\/div>\n\t\t\t\t<\/div>\n\t\t\t\t\t<\/div>\n\t\t<\/div>\n\t\t\t\t\t<\/div>\n\t\t<\/section>\n\t\t\t\t<section class=\"elementor-section elementor-inner-section elementor-element elementor-element-72c2e6d elementor-section-boxed elementor-section-height-default elementor-section-height-default\" data-id=\"72c2e6d\" data-element_type=\"section\">\n\t\t\t\t\t\t<div class=\"elementor-container elementor-column-gap-default\">\n\t\t\t\t\t<div class=\"aux-parallax-section elementor-column elementor-col-25 elementor-inner-column elementor-element elementor-element-9cd7ff5 aux-appear-watch-animation aux-fade-in-right-1\" data-id=\"9cd7ff5\" data-element_type=\"column\">\n\t\t\t<div class=\"elementor-widget-wrap elementor-element-populated\">\n\t\t\t\t\t\t<div class=\"elementor-element elementor-element-d952dc6 elementor-widget elementor-widget-aux_staff\" data-id=\"d952dc6\" data-element_type=\"widget\" data-widget_type=\"aux_staff.default\">\n\t\t\t\t<div class=\"elementor-widget-container\">\n\t\t\t\t\t<section class=\"aux-wrap-style-simple widget-container aux-widget-staff aux-parent-au06cd50e1\">    <div class=\"aux-staff-container aux-staff-pos-top aux-staff-text-center aux-staff-text-dark \" >\n            <div class=\"aux-staff-header aux-staff-img-circle\">\n            <div class=\"aux-media-image\"><img loading=\"lazy\" decoding=\"async\" width=\"251\" height=\"251\" src=\"https:\/\/netymm.net\/wp-content\/uploads\/2024\/11\/kurucu_-40x40.jpg\" class=\" aux-preload aux-has-preview\" alt=\"kurucu_\" data-ratio=\"1\" data-original-w=\"251\" data-src=\"https:\/\/netymm.net\/wp-content\/uploads\/2024\/11\/kurucu_.jpg\" \/><\/div>        <\/div>\n            <div class=\"aux-staff-content\">\n                        <h4 class=\"col-title\"><a href=\"https:\/\/netymm.net\/index.php\/mustafa-sen\">\n            Mustafa \u015eEN<\/br><\/br><\/a>\n            <\/h4>\n                        <h5 class=\"col-subtitle\">Vergi Denet\u00e7isi<\/br>\u0130ade Uzman\u0131<\/h5>\n                        <div class=\"aux-staff-footer aux-small aux-horizontal\">\n                    <ul class=\"aux-social-list\">\n\n                                                                                                                                                                                                                          <\/ul>\n           <\/div>\n                    <\/div>\n\n    <\/div>\n\n\n<\/section><!-- widget-container -->\t\t\t\t<\/div>\n\t\t\t\t<\/div>\n\t\t\t\t\t<\/div>\n\t\t<\/div>\n\t\t\t\t<div class=\"aux-parallax-section elementor-column elementor-col-25 elementor-inner-column elementor-element elementor-element-b01c096 aux-appear-watch-animation aux-fade-in-right-1\" data-id=\"b01c096\" data-element_type=\"column\">\n\t\t\t<div class=\"elementor-widget-wrap elementor-element-populated\">\n\t\t\t\t\t\t<div class=\"elementor-element elementor-element-0447eb9 elementor-widget elementor-widget-aux_staff\" data-id=\"0447eb9\" data-element_type=\"widget\" data-widget_type=\"aux_staff.default\">\n\t\t\t\t<div class=\"elementor-widget-container\">\n\t\t\t\t\t<section class=\"aux-wrap-style-simple widget-container aux-widget-staff aux-parent-au9e08753a\">    <div class=\"aux-staff-container aux-staff-pos-top aux-staff-text-center aux-staff-text-dark \" >\n            <div class=\"aux-staff-header aux-staff-img-circle\">\n            <div class=\"aux-media-image\"><img decoding=\"async\" width=\"251\" height=\"251\" src=\"https:\/\/netymm.net\/wp-content\/uploads\/2024\/11\/ekibimiz3-40x40.jpg\" class=\" aux-preload aux-has-preview\" alt=\"ekibimiz3\" data-ratio=\"1\" data-original-w=\"251\" data-src=\"https:\/\/netymm.net\/wp-content\/uploads\/2024\/11\/ekibimiz3.jpg\" \/><\/div>        <\/div>\n            <div class=\"aux-staff-content\">\n                        <h4 class=\"col-title\">Arzu G\u00dcND\u00dcZHEV<\/h4>\n                        <h5 class=\"col-subtitle\">Vergi Denet\u00e7isi<\/br><\/br><\/h5>\n                        <div class=\"aux-staff-footer aux-small aux-horizontal\">\n                    <ul class=\"aux-social-list\">\n\n                                                                                                                                                                                                                          <\/ul>\n           <\/div>\n                    <\/div>\n\n    <\/div>\n\n\n<\/section><!-- widget-container -->\t\t\t\t<\/div>\n\t\t\t\t<\/div>\n\t\t\t\t\t<\/div>\n\t\t<\/div>\n\t\t\t\t<div class=\"aux-parallax-section elementor-column elementor-col-25 elementor-inner-column elementor-element elementor-element-05b87f6 aux-appear-watch-animation aux-fade-in-right-1\" data-id=\"05b87f6\" data-element_type=\"column\">\n\t\t\t<div class=\"elementor-widget-wrap elementor-element-populated\">\n\t\t\t\t\t\t<div class=\"elementor-element elementor-element-20631e4 elementor-widget elementor-widget-aux_staff\" data-id=\"20631e4\" data-element_type=\"widget\" data-widget_type=\"aux_staff.default\">\n\t\t\t\t<div class=\"elementor-widget-container\">\n\t\t\t\t\t<section class=\"aux-wrap-style-simple widget-container aux-widget-staff aux-parent-aua25dc3ea\">    <div class=\"aux-staff-container aux-staff-pos-top aux-staff-text-center aux-staff-text-dark \" >\n            <div class=\"aux-staff-header aux-staff-img-circle\">\n            <div class=\"aux-media-image\"><img loading=\"lazy\" decoding=\"async\" width=\"251\" height=\"251\" src=\"https:\/\/netymm.net\/wp-content\/uploads\/2024\/12\/yasin_image5-40x40.jpg\" class=\" aux-preload aux-has-preview\" alt=\"yasin_image5\" data-ratio=\"1\" data-original-w=\"251\" data-src=\"https:\/\/netymm.net\/wp-content\/uploads\/2024\/12\/yasin_image5.jpg\" \/><\/div>        <\/div>\n            <div class=\"aux-staff-content\">\n                        <h4 class=\"col-title\">Muhammet Yasin KURU<\/h4>\n                        <h5 class=\"col-subtitle\">Vergi Denet\u00e7isi<\/br><\/br><\/h5>\n                        <div class=\"aux-staff-footer aux-small aux-horizontal\">\n                    <ul class=\"aux-social-list\">\n\n                                                                                                                                                                                                                          <\/ul>\n           <\/div>\n                    <\/div>\n\n    <\/div>\n\n\n<\/section><!-- widget-container -->\t\t\t\t<\/div>\n\t\t\t\t<\/div>\n\t\t\t\t\t<\/div>\n\t\t<\/div>\n\t\t\t\t<div class=\"aux-parallax-section elementor-column elementor-col-25 elementor-inner-column elementor-element elementor-element-75cc6ca aux-appear-watch-animation aux-fade-in-right-1\" data-id=\"75cc6ca\" data-element_type=\"column\">\n\t\t\t<div class=\"elementor-widget-wrap elementor-element-populated\">\n\t\t\t\t\t\t<div class=\"elementor-element elementor-element-265d4ae elementor-widget elementor-widget-aux_staff\" data-id=\"265d4ae\" data-element_type=\"widget\" data-widget_type=\"aux_staff.default\">\n\t\t\t\t<div class=\"elementor-widget-container\">\n\t\t\t\t\t<section class=\"aux-wrap-style-simple widget-container aux-widget-staff aux-parent-au549131dc\">    <div class=\"aux-staff-container aux-staff-pos-top aux-staff-text-center aux-staff-text-dark \" >\n            <div class=\"aux-staff-header aux-staff-img-circle\">\n            <div class=\"aux-media-image\"><img loading=\"lazy\" decoding=\"async\" width=\"251\" height=\"251\" src=\"https:\/\/netymm.net\/wp-content\/uploads\/2024\/12\/osman_oguz-40x40.jpg\" class=\" aux-preload aux-has-preview\" alt=\"osman_oguz\" data-ratio=\"1\" data-original-w=\"251\" data-src=\"https:\/\/netymm.net\/wp-content\/uploads\/2024\/12\/osman_oguz.jpg\" \/><\/div>        <\/div>\n            <div class=\"aux-staff-content\">\n                        <h4 class=\"col-title\"><a href=\"https:\/\/netymm.net\/index.php\/murat-ozkan\">\n            Murat \u00d6ZKAN<\/br><\/br><\/a>\n            <\/h4>\n                        <h5 class=\"col-subtitle\">Vergi Denet\u00e7isi<\/br><\/br><\/h5>\n                        <div class=\"aux-staff-footer aux-small aux-horizontal\">\n                    <ul class=\"aux-social-list\">\n\n                                                                                                                                                                                                                          <\/ul>\n           <\/div>\n                    <\/div>\n\n    <\/div>\n\n\n<\/section><!-- widget-container -->\t\t\t\t<\/div>\n\t\t\t\t<\/div>\n\t\t\t\t\t<\/div>\n\t\t<\/div>\n\t\t\t\t\t<\/div>\n\t\t<\/section>\n\t\t\t\t\t<\/div>\n\t\t<\/div>\n\t\t\t\t\t<\/div>\n\t\t<\/section>\n\t\t\t\t<\/div>\n\t\t","protected":false},"excerpt":{"rendered":"<p>Ekibimiz Bizi Tan\u0131y\u0131n Finansal \u00c7\u00f6z\u00fcmlerinizde G\u00fcvendi\u011finiz Partner NET YMM olarak, alan\u0131nda uzman, deneyimli ve dinamik bir ekibe sahibiz. Ekibimiz, yeminli mali m\u00fc\u015favirler, finansal dan\u0131\u015fmanlar ve vergi hukuku uzmanlar\u0131ndan olu\u015fmaktad\u0131r. Her biri kendi alan\u0131nda derin bilgi birikimine ve sekt\u00f6rel deneyime sahip olan profesyonellerimiz, m\u00fc\u015fterilerimize en do\u011fru, h\u0131zl\u0131 ve g\u00fcvenilir hizmeti sunmay\u0131 hedeflemektedir. \u0130\u015f s\u00fcre\u00e7lerinizin verimlili\u011fini art\u0131rmak [&hellip;]<\/p>\n","protected":false},"author":1,"featured_media":0,"parent":0,"menu_order":0,"comment_status":"closed","ping_status":"closed","template":"templates\/page-builder-content.php","meta":{"footnotes":""},"class_list":["post-1960","page","type-page","status-publish","hentry"],"_links":{"self":[{"href":"https:\/\/netymm.net\/index.php\/wp-json\/wp\/v2\/pages\/1960","targetHints":{"allow":["GET"]}}],"collection":[{"href":"https:\/\/netymm.net\/index.php\/wp-json\/wp\/v2\/pages"}],"about":[{"href":"https:\/\/netymm.net\/index.php\/wp-json\/wp\/v2\/types\/page"}],"author":[{"embeddable":true,"href":"https:\/\/netymm.net\/index.php\/wp-json\/wp\/v2\/users\/1"}],"replies":[{"embeddable":true,"href":"https:\/\/netymm.net\/index.php\/wp-json\/wp\/v2\/comments?post=1960"}],"version-history":[{"count":28,"href":"https:\/\/netymm.net\/index.php\/wp-json\/wp\/v2\/pages\/1960\/revisions"}],"predecessor-version":[{"id":2017,"href":"https:\/\/netymm.net\/index.php\/wp-json\/wp\/v2\/pages\/1960\/revisions\/2017"}],"wp:attachment":[{"href":"https:\/\/netymm.net\/index.php\/wp-json\/wp\/v2\/media?parent=1960"}],"curies":[{"name":"wp","href":"https:\/\/api.w.org\/{rel}","templated":true}]}}